{"id":2,"date":"2025-07-30T22:47:57","date_gmt":"2025-07-30T20:47:57","guid":{"rendered":"https:\/\/escale-ecole.fr\/?page_id=2"},"modified":"2025-10-02T00:38:53","modified_gmt":"2025-10-01T22:38:53","slug":"lhistoire-de-lescale","status":"publish","type":"page","link":"https:\/\/escale-ecole.fr\/?page_id=2","title":{"rendered":"L\u2019histoire de L\u2019Escale"},"content":{"rendered":"\n<p>Je m\u2019appelle Marie RUEL, je suis enseignante de profession et mon projet est n\u00e9 en&nbsp;<strong>2015&nbsp;<\/strong>au Chambon-sur-Lignon.<\/p>\n\n\n\n<p>Apr\u00e8s la naissance pr\u00e9matur\u00e9e de mes filles jumelles, l&rsquo;id\u00e9e de cr\u00e9er une \u00e9cole m&rsquo;est venue. Je souhaitais accompagner mes enfants dans leur scolarit\u00e9 et, de nature fon\u00e7euse, quand j\u2019ai une id\u00e9e je vais jusqu\u2019au bout ! Alors que mes filles n&rsquo;avaient que six mois, j&rsquo;ai approfondi mon id\u00e9e en me rendant avec mon mari aux portes ouvertes d&rsquo;une \u00e9cole chr\u00e9tienne. J&rsquo;ai ensuite fait le voyage jusqu&rsquo;\u00e0 Paris pour assister \u00e0 un salon sur les \u00e9coles chr\u00e9tiennes, accompagn\u00e9e cette fois-ci de ma s\u0153ur et de mon beau-fr\u00e8re. Le pr\u00e9cieux soutien de mes proches a \u00e9t\u00e9 le point de d\u00e9part, ils croyaient en ce projet. La cr\u00e9ation d&rsquo;une \u00e9cole chr\u00e9tienne en Haute-Loire \u00e9tait pour nous tous&nbsp;<strong>une \u00e9vidence<\/strong>&nbsp;!<\/p>\n\n\n\n<blockquote class=\"wp-block-quote is-layout-flow wp-block-quote-is-layout-flow\">\n<p><strong>J\u2019ai fait confiance \u00e0 Dieu&nbsp;<\/strong>et j\u2019\u00e9tais \u00e0 son \u00e9coute pour voir s\u2019Il m\u2019ouvrait les portes pour concr\u00e9tiser ce projet. Mais tant que ce n\u2019\u00e9tait pas impossible, c\u2019est que c\u2019\u00e9tait bon ! Corinne et Michel Sommer, anciens enseignants d\u2019une \u00e9cole chr\u00e9tienne d\u2019Alsace, ont \u00e9t\u00e9 inform\u00e9s de mon projet.&nbsp;<strong>Ils priaient depuis 15 ans&nbsp;<\/strong>pour qu\u2019une \u00e9cole chr\u00e9tienne soit cr\u00e9\u00e9e dans notre petit coin d\u2019Auvergne ! L\u2019\u00e9quipe \u00e9tait form\u00e9e, il ne nous manquait plus qu\u2019un local\u2026<\/p>\n<\/blockquote>\n\n\n\n<p><strong>D\u00e9but de L\u2019Escale dans les locaux de Teen Ranch<\/strong><\/p>\n\n\n\n<blockquote class=\"wp-block-quote is-layout-flow wp-block-quote-is-layout-flow\">\n<p>Teen Ranch est un centre de vacances chr\u00e9tien situ\u00e9 au Chambon-sur-Lignon, o\u00f9 j&rsquo;exer\u00e7ais en tant qu\u2019animatrice de camps. Lorsqu&rsquo;ils ont appris pour mon projet d&rsquo;\u00e9cole, ils m&rsquo;ont contact\u00e9e pour me proposer un espace. L&rsquo;Escale avait son \u00e9quipe et son lieu, mais une seule inscription : celle de mon fils a\u00een\u00e9. Finalement, nous avons entam\u00e9 notre premi\u00e8re ann\u00e9e scolaire avec huit inscriptions ! Cet endroit a \u00e9t\u00e9 b\u00e9n\u00e9fique pour nous pendant trois ann\u00e9es, au cours desquelles nous sommes pass\u00e9s<strong>&nbsp;de huit \u00e0 treize \u00e9l\u00e8ves<\/strong>&nbsp;inscrits en maternelle et primaire !<\/p>\n<\/blockquote>\n\n\n\n<figure class=\"wp-block-image size-large\"><img loading=\"lazy\" decoding=\"async\" width=\"1024\" height=\"579\" src=\"https:\/\/escale-ecole.fr\/wp-content\/uploads\/2025\/10\/73289665_1686410733224139_r-1024x579.jpg\" alt=\"\" class=\"wp-image-115\" srcset=\"https:\/\/escale-ecole.fr\/wp-content\/uploads\/2025\/10\/73289665_1686410733224139_r-1024x579.jpg 1024w, https:\/\/escale-ecole.fr\/wp-content\/uploads\/2025\/10\/73289665_1686410733224139_r-300x169.jpg 300w, https:\/\/escale-ecole.fr\/wp-content\/uploads\/2025\/10\/73289665_1686410733224139_r-768x434.jpg 768w, https:\/\/escale-ecole.fr\/wp-content\/uploads\/2025\/10\/73289665_1686410733224139_r-1536x868.jpg 1536w, https:\/\/escale-ecole.fr\/wp-content\/uploads\/2025\/10\/73289665_1686410733224139_r.jpg 2048w\" sizes=\"auto, (max-width: 1024px) 100vw, 1024px\" \/><\/figure>\n\n\n\n<blockquote class=\"wp-block-quote is-layout-flow wp-block-quote-is-layout-flow\">\n<p><em>La premi\u00e8re photo de classe de L\u2019Escale<\/em><\/p>\n<\/blockquote>\n\n\n\n<p><strong><strong>La suite de L\u2019Escale au C\u00e9venol<\/strong><\/strong><\/p>\n\n\n\n<p>En 2018, Teen Ranch a entrepris de nouveaux projets, ce qui nous a oblig\u00e9s \u00e0 trouver de nouveaux locaux. Nous avons \u00e9t\u00e9 mis en contact avec les propri\u00e9taires actuels des b\u00e2timents du C\u00e9venol apr\u00e8s un appel avec la mairie du Chambon-sur-Lignon. Ils nous ont propos\u00e9 de louer une partie des b\u00e2timents en contrepartie de travaux \u00e0 notre charge.<\/p>\n\n\n\n<p>Ce lieu a une signification particuli\u00e8re pour nous puisque le C\u00e9venol \u00e9tait&nbsp;<strong>une \u00e9cole protestante d\u2019apr\u00e8s-guerre<\/strong>. Une histoire qui s\u2019ajoute \u00e0 celle de notre village puisque Le Chambon-sur-Lignon est reconnu comme le \u00ab Village de Justes parmi les nations \u00bb. Ce titre lui a \u00e9t\u00e9 attribu\u00e9 en raison de son r\u00f4le pendant la Seconde Guerre mondiale o\u00f9 les villageois, essentiellement Chr\u00e9tiens protestants, ont accueilli et prot\u00e9g\u00e9 de nombreux r\u00e9fugi\u00e9s en les cachant et en leur offrant un refuge s\u00fbr. Un symbole de solidarit\u00e9, de compassion et d\u2019humanit\u00e9.<\/p>\n\n\n\n<figure class=\"wp-block-image size-large\"><img loading=\"lazy\" decoding=\"async\" width=\"1024\" height=\"578\" src=\"https:\/\/escale-ecole.fr\/wp-content\/uploads\/2025\/10\/73289665_1686410797436623_r-1024x578.jpg\" alt=\"\" class=\"wp-image-116\" srcset=\"https:\/\/escale-ecole.fr\/wp-content\/uploads\/2025\/10\/73289665_1686410797436623_r-1024x578.jpg 1024w, https:\/\/escale-ecole.fr\/wp-content\/uploads\/2025\/10\/73289665_1686410797436623_r-300x169.jpg 300w, https:\/\/escale-ecole.fr\/wp-content\/uploads\/2025\/10\/73289665_1686410797436623_r-768x434.jpg 768w, https:\/\/escale-ecole.fr\/wp-content\/uploads\/2025\/10\/73289665_1686410797436623_r.jpg 1197w\" sizes=\"auto, (max-width: 1024px) 100vw, 1024px\" \/><\/figure>\n\n\n\n<p>Depuis notre installation au C\u00e9venol,&nbsp;<strong>le coll\u00e8ge s\u2019est ajout\u00e9<\/strong>&nbsp;\u00e0 L\u2019Escale !<\/p>\n\n\n\n<p>Notre \u00e9cole accueillait&nbsp;<strong>trente-neuf \u00e9l\u00e8ves<\/strong>&nbsp;: onze coll\u00e9giens, seize primaires et douze maternelles.<\/p>\n\n\n\n<p><strong>Nos valeurs et notre fonctionnement<\/strong><\/p>\n\n\n\n<p>L\u2019Escale est une \u00e9cole chr\u00e9tienne priv\u00e9e hors contrat.&nbsp;<strong>L\u2019\u00e9cole vit gr\u00e2ce aux dons et les professeurs (dipl\u00f4m\u00e9s) interviennent b\u00e9n\u00e9volement.<\/strong>&nbsp;Notre \u00e9quipe p\u00e9dagogique est compos\u00e9e d\u2019une institutrice, d\u2019une aide-\u00e9ducatrice et de professeurs sp\u00e9cialis\u00e9s dans divers domaines tels que les sciences, la physique chimie, les arts visuels, le sport, le fran\u00e7ais, la litt\u00e9rature, l&rsquo;anglais, l&rsquo;espagnol, la technologie et les math\u00e9matiques. En plus de notre \u00e9quipe permanente, nous sommes&nbsp;<strong>soutenus par de nombreux b\u00e9n\u00e9voles et visiteurs&nbsp;<\/strong>qui viennent partager leur histoire, leur m\u00e9tier ou leur passion. Ils apportent leur contribution en fournissant une aide, en veillant pendant la sieste des plus petits, en animant des ateliers de poterie, d&rsquo;aquarelle, de cuisine, de danse, de chant, d\u2019\u00e9criture, d\u2019anglais\u2026<\/p>\n\n\n\n<p>Notre \u00e9cole change du mod\u00e8le classique. Notre travaillons dans un v\u00e9ritable&nbsp;<strong>esprit de famille<\/strong>. Nous fonctionnons en multi niveaux, allant de la&nbsp;<strong>maternelle au coll\u00e8ge<\/strong>. Les enfants sont m\u00e9lang\u00e9s, les petits aidant les grands et vice versa. Nous mettons en place une&nbsp;<strong>p\u00e9dagogie bienveillante<\/strong>&nbsp;et nous privil\u00e9gions une approche individuelle, offrant \u00e0 chaque enfant un parcours personnalis\u00e9 o\u00f9 il peut progresser \u00e0 son propre rythme Nous favorisons les manipulations, les ateliers et les auto-\u00e9valuations. Les enfants ont la possibilit\u00e9 de refaire leurs \u00e9valuations autant de fois qu&rsquo;ils le souhaitent, encourageant ainsi leur d\u00e9veloppement continu.<\/p>\n\n\n\n<p>Nous partageons des&nbsp;<strong>valeurs chr\u00e9tiennes<\/strong>&nbsp;et chaque matin, nous consacrons un moment religieux pour \u00e9changer des passages de la Bible, prier ensemble et chanter. Cependant, notre \u00e9cole est ouverte \u00e0 tous les enfants, ind\u00e9pendamment de l&rsquo;appartenance religieuse de leur famille.&nbsp;<strong>Chaque enfant est le bienvenu chez nous !<\/strong><\/p>\n\n\n\n<figure class=\"wp-block-image size-large\"><img loading=\"lazy\" decoding=\"async\" width=\"1024\" height=\"578\" src=\"https:\/\/escale-ecole.fr\/wp-content\/uploads\/2025\/10\/73289665_1686411808444651_r-1024x578.jpg\" alt=\"\" class=\"wp-image-117\" srcset=\"https:\/\/escale-ecole.fr\/wp-content\/uploads\/2025\/10\/73289665_1686411808444651_r-1024x578.jpg 1024w, https:\/\/escale-ecole.fr\/wp-content\/uploads\/2025\/10\/73289665_1686411808444651_r-300x169.jpg 300w, https:\/\/escale-ecole.fr\/wp-content\/uploads\/2025\/10\/73289665_1686411808444651_r-768x434.jpg 768w, https:\/\/escale-ecole.fr\/wp-content\/uploads\/2025\/10\/73289665_1686411808444651_r-1536x868.jpg 1536w, https:\/\/escale-ecole.fr\/wp-content\/uploads\/2025\/10\/73289665_1686411808444651_r-2048x1157.jpg 2048w\" sizes=\"auto, (max-width: 1024px) 100vw, 1024px\" \/><\/figure>\n\n\n\n<p><em>Autour de notre \u00ab ligne orange \u00bb avec les plus petits, o\u00f9 nous parlons de la Bible<\/em><\/p>\n\n\n\n<p>Cette progression sur dix ans est une v\u00e9ritable&nbsp;<strong>b\u00e9n\u00e9diction&nbsp;<\/strong>pour nous. Nous avons pu observer les enfants&nbsp;<strong>s&rsquo;\u00e9panouir tant sur le plan \u00e9ducatif que spirituel<\/strong>. L\u2019Escale s\u2019est agrandi et nous avons cr\u00e9\u00e9 une section coll\u00e8ge. Nous avons vu nos \u00e9l\u00e8ves grandir ; et certains partir pour le lyc\u00e9e avec gratitude pour leurs ann\u00e9es pass\u00e9es \u00e0 L&rsquo;Escale. Nous avons \u00e9galement accueilli une \u00e9l\u00e8ve autiste pendant deux ans. Cette exp\u00e9rience a \u00e9t\u00e9 une v\u00e9ritable richesse pour nous, en voyant les enfants l&rsquo;accueillir et l&rsquo;aimer telle qu&rsquo;elle est.<\/p>\n\n\n\n<p><strong>Notre probl\u00e9matique<\/strong><\/p>\n\n\n\n<p>Je pensais que cet espace au C\u00e9venol serait suffisamment grand pour r\u00e9pondre \u00e0 nos besoins, mais apr\u00e8s trois ans, nous nous sommes rapidement retrouv\u00e9s \u00e0 l&rsquo;\u00e9troit. Mon objectif principal \u00e9tait d\u2019accueillir tous les enfants d\u00e9sireux de nous rejoindre. Malheureusement, la r\u00e9alit\u00e9 est que depuis deux ans, nous sommes<strong>&nbsp;contraints de refuser des enfants faute de places disponibles<\/strong>&nbsp;dans nos locaux. Et nous continuons de recevoir r\u00e9guli\u00e8rement des messages de familles pr\u00eates \u00e0 d\u00e9m\u00e9nager afin de pouvoir offrir \u00e0 leurs enfants le cadre \u00e9ducatif de L&rsquo;Escale.<\/p>\n\n\n\n<p><strong>D\u00e9m\u00e9nagement aux \u00ab\u00a0Airelles<\/strong>\u00ab\u00a0<\/p>\n\n\n\n<p>Nous avons cherch\u00e9 pendant longtemps de nouveaux b\u00e2timents pour continuer d\u2019accueillir. La mairie du Chambon-sur-Lignon nous a conseill\u00e9 de visiter les b\u00e2timents \u00ab\u00a0Les Airelles\u00a0\u00bb, situ\u00e9s au Chambon-sur-Lignon \u00e0 proximit\u00e9 de notre emplacement actuel. Gr\u00e2ce aux g\u00e9n\u00e9reux dons que nous avons re\u00e7u, nous avons pu acqu\u00e9rir ces b\u00e2timents. Nous avons pu d\u00e9m\u00e9nager dans ce nouveau lieu en Janvier 2024.<\/p>\n\n\n\n<p>Ce nouveau lieu nous offre des espaces spacieux pour continuer \u00e0 transmettre notre exp\u00e9rience aupr\u00e8s de nouveaux enfants. \u00c0 terme, il pourra accueillir jusqu\u2019\u00e0 une centaine d\u2019\u00e9l\u00e8ves, selon l\u2019\u00e9volution de notre \u00e9quipe p\u00e9dagogique. Nous souhaitons en faire un lieu inclusif, ouvert \u00e9galement aux enfants en situation de handicap. Un espace de coworking sera mis \u00e0 disposition des coll\u00e9giens, et une salle inspir\u00e9e de la p\u00e9dagogie Montessori permettra d\u2019utiliser les produits issus de notre serre pour les mettre en valeur et les proposer \u00e0 la vente. Nous pr\u00e9voyons aussi d\u2019introduire la pr\u00e9sence d\u2019animaux afin de responsabiliser les enfants. Ce nouvel environnement repr\u00e9sente donc une formidable opportunit\u00e9 pour favoriser leur d\u00e9veloppement et enrichir leur parcours \u00e9ducatif.<\/p>\n\n\n\n<figure class=\"wp-block-image size-large is-resized\"><img loading=\"lazy\" decoding=\"async\" width=\"1024\" height=\"325\" src=\"https:\/\/escale-ecole.fr\/wp-content\/uploads\/2025\/10\/Capture-decran-2025-10-01-a-22.00.18-1024x325.png\" alt=\"\" class=\"wp-image-118\" style=\"width:1200px;height:auto\" srcset=\"https:\/\/escale-ecole.fr\/wp-content\/uploads\/2025\/10\/Capture-decran-2025-10-01-a-22.00.18-1024x325.png 1024w, https:\/\/escale-ecole.fr\/wp-content\/uploads\/2025\/10\/Capture-decran-2025-10-01-a-22.00.18-300x95.png 300w, https:\/\/escale-ecole.fr\/wp-content\/uploads\/2025\/10\/Capture-decran-2025-10-01-a-22.00.18-768x243.png 768w, https:\/\/escale-ecole.fr\/wp-content\/uploads\/2025\/10\/Capture-decran-2025-10-01-a-22.00.18-1536x487.png 1536w, https:\/\/escale-ecole.fr\/wp-content\/uploads\/2025\/10\/Capture-decran-2025-10-01-a-22.00.18.png 1830w\" sizes=\"auto, (max-width: 1024px) 100vw, 1024px\" \/><\/figure>\n\n\n\n<p><em>\u00ab\u00a0Les Airelles\u00a0\u00bb : Salle de classe Cycle 1 et 2 &#8211; Rez de Chauss\u00e9e <\/em><\/p>\n\n\n\n<p>Nous sommes heureux de voir notre \u00e9cole grandir : elle accueille aujourd\u2019hui une <strong>quarantaine d\u2019\u00e9l\u00e8ves<\/strong>, accompagn\u00e9s par <strong>une quinzaine <\/strong>de <strong>professeurs et d\u2019intervenants <\/strong>qui, avec r\u00e9gularit\u00e9 et engagement, transmettent aux enfants leur savoir, l&rsquo;\u00e9ducation et le go\u00fbt d\u2019apprendre.<\/p>\n\n\n\n<p><strong>Nos besoins de soutien dans la pri\u00e8re<\/strong><\/p>\n\n\n\n<p>Si nous sommes arriv\u00e9s \u00e0 cette \u00e9tape aujourd\u2019hui c\u2019est&nbsp;<strong>gr\u00e2ce \u00e0 Dieu<\/strong>. Il a fait na\u00eetre et grandir cette association en ouvrant les portes n\u00e9cessaires pour l\u2019accomplissement de notre \u00e9cole. Nous sommes reconnaissants des b\u00e9n\u00e9dictions que Dieu nous a d\u00e9j\u00e0 accord\u00e9es. Les soutiens financiers et humains nous sont importants mais&nbsp;<strong>les soutiens dans la pri\u00e8re nous sont essentiels<\/strong>.<\/p>\n\n\n\n<p><strong>Ainsi nous avons besoin de votre soutien dans la pri\u00e8re, \u00e0 travers les sujets suivants :<\/strong><\/p>\n\n\n\n<ul class=\"wp-block-list\">\n<li>Pour que Dieu continue de demeurer au centre des projets<\/li>\n\n\n\n<li>Pour que Dieu b\u00e9nisse les enfants, les adultes et les b\u00e9n\u00e9voles de L\u2019Escale<\/li>\n\n\n\n<li>Pour que nos besoins financiers et nos besoins humains soient pourvus<\/li>\n\n\n\n<li>Pour la bonne r\u00e9alisation des futurs projets d\u2019am\u00e9nagement<\/li>\n\n\n\n<li>Pour que cette \u00e9cole soit une inspiration pour la cr\u00e9ation de futures \u00e9tablissements scolaires chr\u00e9tiens<\/li>\n<\/ul>\n\n\n\n<p>Nous sommes impatients de d\u00e9couvrir les plans que Dieu a pour l\u2019avenir de notre \u00e9cole.<\/p>\n\n\n\n<p><strong>Nous soutenir ? <\/strong><\/p>\n\n\n\n<p>Chaque don, petit ou grand, compte : en apportant votre contribution, vous soutenez l\u2019am\u00e9nagement de la serre et des b\u00e2timents annexes (salle de motricit\u00e9, espaces pour les ateliers) et vous offrez aux enfants bien plus qu\u2019un simple lieu. Vous leur permettez d\u2019\u00e9voluer dans un cadre adapt\u00e9, stimulant et bienveillant. Ces am\u00e9nagements sont pens\u00e9s pour favoriser leur \u00e9panouissement personnel, encourager leur curiosit\u00e9, d\u00e9velopper leur motricit\u00e9 et leur cr\u00e9ativit\u00e9, mais aussi leur transmettre le go\u00fbt d\u2019apprendre dans les meilleures conditions. En participant, vous devenez un acteur direct de leur r\u00e9ussite et de leur avenir, en leur donnant les moyens de grandir dans un environnement chr\u00e9tien qui allie apprentissage, valeurs et ouverture. Chaque geste est une pierre pr\u00e9cieuse pos\u00e9e \u00e0 la construction de leur chemin vers l\u2019accomplissement.<\/p>\n\n\n\n<div class=\"wp-block-buttons is-layout-flex wp-block-buttons-is-layout-flex\">\n<div class=\"wp-block-button\"><a class=\"wp-block-button__link has-text-align-center wp-element-button\">Soutenir l&rsquo;\u00e9cole<\/a><\/div>\n<\/div>\n\n\n\n<p><\/p>\n","protected":false},"excerpt":{"rendered":"<p>Je m\u2019appelle Marie RUEL, je suis enseignante de profession et mon projet est n\u00e9 en&nbsp;2015&nbsp;au Chambon-sur-Lignon. Apr\u00e8s la naissance pr\u00e9matur\u00e9e [&hellip;]<\/p>\n","protected":false},"author":1,"featured_media":0,"parent":0,"menu_order":0,"comment_status":"closed","ping_status":"closed","template":"","meta":{"site-sidebar-layout":"default","site-content-layout":"","ast-site-content-layout":"","site-content-style":"default","site-sidebar-style":"default","ast-global-header-display":"","ast-banner-title-visibility":"","ast-main-header-display":"","ast-hfb-above-header-display":"","ast-hfb-below-header-display":"","ast-hfb-mobile-header-display":"","site-post-title":"","ast-breadcrumbs-content":"","ast-featured-img":"","footer-sml-layout":"","theme-transparent-header-meta":"","adv-header-id-meta":"","stick-header-meta":"","header-above-stick-meta":"","header-main-stick-meta":"","header-below-stick-meta":"","astra-migrate-meta-layouts":"default","ast-page-background-enabled":"default","ast-page-background-meta":{"desktop":{"background-color":"var(--ast-global-color-4)","background-image":"","background-repeat":"repeat","background-position":"center center","background-size":"auto","background-attachment":"scroll","background-type":"","background-media":"","overlay-type":"","overlay-color":"","overlay-opacity":"","overlay-gradient":""},"tablet":{"background-color":"","background-image":"","background-repeat":"repeat","background-position":"center center","background-size":"auto","background-attachment":"scroll","background-type":"","background-media":"","overlay-type":"","overlay-color":"","overlay-opacity":"","overlay-gradient":""},"mobile":{"background-color":"","background-image":"","background-repeat":"repeat","background-position":"center center","background-size":"auto","background-attachment":"scroll","background-type":"","background-media":"","overlay-type":"","overlay-color":"","overlay-opacity":"","overlay-gradient":""}},"ast-content-background-meta":{"desktop":{"background-color":"var(--ast-global-color-5)","background-image":"","background-repeat":"repeat","background-position":"center center","background-size":"auto","background-attachment":"scroll","background-type":"","background-media":"","overlay-type":"","overlay-color":"","overlay-opacity":"","overlay-gradient":""},"tablet":{"background-color":"var(--ast-global-color-5)","background-image":"","background-repeat":"repeat","background-position":"center center","background-size":"auto","background-attachment":"scroll","background-type":"","background-media":"","overlay-type":"","overlay-color":"","overlay-opacity":"","overlay-gradient":""},"mobile":{"background-color":"var(--ast-global-color-5)","background-image":"","background-repeat":"repeat","background-position":"center center","background-size":"auto","background-attachment":"scroll","background-type":"","background-media":"","overlay-type":"","overlay-color":"","overlay-opacity":"","overlay-gradient":""}},"footnotes":""},"class_list":["post-2","page","type-page","status-publish","hentry"],"_links":{"self":[{"href":"https:\/\/escale-ecole.fr\/index.php?rest_route=\/wp\/v2\/pages\/2","targetHints":{"allow":["GET"]}}],"collection":[{"href":"https:\/\/escale-ecole.fr\/index.php?rest_route=\/wp\/v2\/pages"}],"about":[{"href":"https:\/\/escale-ecole.fr\/index.php?rest_route=\/wp\/v2\/types\/page"}],"author":[{"embeddable":true,"href":"https:\/\/escale-ecole.fr\/index.php?rest_route=\/wp\/v2\/users\/1"}],"replies":[{"embeddable":true,"href":"https:\/\/escale-ecole.fr\/index.php?rest_route=%2Fwp%2Fv2%2Fcomments&post=2"}],"version-history":[{"count":4,"href":"https:\/\/escale-ecole.fr\/index.php?rest_route=\/wp\/v2\/pages\/2\/revisions"}],"predecessor-version":[{"id":133,"href":"https:\/\/escale-ecole.fr\/index.php?rest_route=\/wp\/v2\/pages\/2\/revisions\/133"}],"wp:attachment":[{"href":"https:\/\/escale-ecole.fr\/index.php?rest_route=%2Fwp%2Fv2%2Fmedia&parent=2"}],"curies":[{"name":"wp","href":"https:\/\/api.w.org\/{rel}","templated":true}]}}